{"id":40,"date":"2025-08-16T08:30:20","date_gmt":"2025-08-16T08:30:20","guid":{"rendered":"https:\/\/atelier.studioagile.eu\/?page_id=40"},"modified":"2026-01-08T20:05:15","modified_gmt":"2026-01-08T20:05:15","slug":"about","status":"publish","type":"page","link":"https:\/\/atelier-blank.com\/de\/about\/","title":{"rendered":"\u00dcber uns"},"content":{"rendered":"<p>Atelier Blank gestaltet Geb\u00e4ude, Innenr\u00e4ume und M\u00f6bel f\u00fcr Privatpersonen, Unternehmen und Gemeinschaften mit dem Anspruch, bestehende Raumkonzepte neu zu denken.<\/p>","protected":false},"excerpt":{"rendered":"<p>Atelier Blank gestaltet Geb\u00e4ude, Innenr\u00e4ume und M\u00f6bel f\u00fcr Privatpersonen, Unternehmen und Gemeinschaften mit dem Anspruch, bestehende Raumkonzepte neu zu denken.<\/p>","protected":false},"author":1,"featured_media":0,"parent":0,"menu_order":0,"comment_status":"closed","ping_status":"closed","template":"template-pagina-standard.php","meta":{"_acf_changed":false,"inline_featured_image":false,"footnotes":""},"class_list":["post-40","page","type-page","status-publish","hentry"],"acf":[],"_links":{"self":[{"href":"https:\/\/atelier-blank.com\/de\/wp-json\/wp\/v2\/pages\/40","targetHints":{"allow":["GET"]}}],"collection":[{"href":"https:\/\/atelier-blank.com\/de\/wp-json\/wp\/v2\/pages"}],"about":[{"href":"https:\/\/atelier-blank.com\/de\/wp-json\/wp\/v2\/types\/page"}],"author":[{"embeddable":true,"href":"https:\/\/atelier-blank.com\/de\/wp-json\/wp\/v2\/users\/1"}],"replies":[{"embeddable":true,"href":"https:\/\/atelier-blank.com\/de\/wp-json\/wp\/v2\/comments?post=40"}],"version-history":[{"count":36,"href":"https:\/\/atelier-blank.com\/de\/wp-json\/wp\/v2\/pages\/40\/revisions"}],"predecessor-version":[{"id":1503,"href":"https:\/\/atelier-blank.com\/de\/wp-json\/wp\/v2\/pages\/40\/revisions\/1503"}],"wp:attachment":[{"href":"https:\/\/atelier-blank.com\/de\/wp-json\/wp\/v2\/media?parent=40"}],"curies":[{"name":"wp","href":"https:\/\/api.w.org\/{rel}","templated":true}]}}